{"id":141,"date":"2024-04-19T18:41:40","date_gmt":"2024-04-19T16:41:40","guid":{"rendered":"https:\/\/www.chorale-yadlavoix-landivisiau.fr\/wordpress\/?page_id=141"},"modified":"2026-03-07T16:28:36","modified_gmt":"2026-03-07T15:28:36","slug":"soprani","status":"publish","type":"page","link":"https:\/\/www.chorale-yadlavoix-landivisiau.fr\/wordpress\/soprani\/","title":{"rendered":"Liens de Caroline"},"content":{"rendered":"\n<p><\/p>\n\n\n\n<ul class=\"wp-block-list\">\n<li><a href=\"https:\/\/www.chorale-yadlavoix-landivisiau.fr\/wordpress\/broceliande\/\" data-type=\"page\" data-id=\"139\">Des arbres \u00e0 Broc\u00e9liande<\/a><\/li>\n\n\n\n<li><a href=\"https:\/\/www.chorale-yadlavoix-landivisiau.fr\/wordpress\/asimbonanga\/\" data-type=\"page\" data-id=\"1296\">Asimbonanga<\/a><\/li>\n\n\n\n<li><a href=\"https:\/\/www.chorale-yadlavoix-landivisiau.fr\/wordpress\/de-temps-en-temps\/\" data-type=\"page\" data-id=\"1298\">De temps en temps<\/a><\/li>\n\n\n\n<li><a href=\"https:\/\/www.chorale-yadlavoix-landivisiau.fr\/wordpress\/je-reve\/\" data-type=\"page\" data-id=\"1301\">Je r\u00eave<\/a><\/li>\n\n\n\n<li><a href=\"https:\/\/www.chorale-yadlavoix-landivisiau.fr\/wordpress\/la-tendresse\/\" data-type=\"page\" data-id=\"1303\">La tendresse<\/a><\/li>\n\n\n\n<li><a href=\"https:\/\/www.chorale-yadlavoix-landivisiau.fr\/wordpress\/ma-france\/\" data-type=\"page\" data-id=\"1305\">Ma France<\/a><\/li>\n\n\n\n<li><a href=\"https:\/\/www.chorale-yadlavoix-landivisiau.fr\/wordpress\/mon-amant-de-saint-jean\/\" data-type=\"page\" data-id=\"1307\">Mon amant de Saint-Jean<\/a><\/li>\n\n\n\n<li><a href=\"https:\/\/www.chorale-yadlavoix-landivisiau.fr\/wordpress\/nabucco\/\" data-type=\"page\" data-id=\"1309\">Nabucco<\/a><\/li>\n\n\n\n<li><a href=\"https:\/\/www.chorale-yadlavoix-landivisiau.fr\/wordpress\/non-non-rien-na-change\/\" data-type=\"page\" data-id=\"1311\">Non, non, rien n\u2019a chang\u00e9<\/a><\/li>\n\n\n\n<li><a href=\"https:\/\/www.chorale-yadlavoix-landivisiau.fr\/wordpress\/siffler-sur-la-colline\/\" data-type=\"page\" data-id=\"1313\">Siffler sur la colline<\/a><\/li>\n\n\n\n<li><a href=\"https:\/\/www.chorale-yadlavoix-landivisiau.fr\/wordpress\/le-mer-nouvelle-version\/\" data-type=\"page\" data-id=\"1490\">La mer (nouvelle version)<\/a><\/li>\n\n\n\n<li><a href=\"https:\/\/www.chorale-yadlavoix-landivisiau.fr\/wordpress\/kenavo-deorch\/\" data-type=\"page\" data-id=\"1498\">Kenavo deoc\u2019h<\/a><\/li>\n\n\n\n<li><a href=\"https:\/\/www.chorale-yadlavoix-landivisiau.fr\/wordpress\/bohemian-rhapsody\/\" data-type=\"page\" data-id=\"1638\">Bohemian rhapsody<\/a><\/li>\n\n\n\n<li><a href=\"https:\/\/www.chorale-yadlavoix-landivisiau.fr\/wordpress\/dorn\/\" data-type=\"page\" data-id=\"1644\">Dor&rsquo;n<\/a><\/li>\n\n\n\n<li><a href=\"https:\/\/www.chorale-yadlavoix-landivisiau.fr\/wordpress\/bretagne\/\" data-type=\"page\" data-id=\"1679\">Bretagne<\/a><\/li>\n\n\n\n<li><a href=\"https:\/\/www.chorale-yadlavoix-landivisiau.fr\/wordpress\/mat-an-traou\/\" data-type=\"page\" data-id=\"1682\">Mat \u2018an trao\u00f9<\/a><\/li>\n\n\n\n<li><a href=\"https:\/\/www.chorale-yadlavoix-landivisiau.fr\/wordpress\/carpe-diem\/\" data-type=\"page\" data-id=\"1703\">Carpe diem<\/a><\/li>\n\n\n\n<li><a href=\"http:\/\/www.chorale-yadlavoix-landivisiau.fr\/wordpress\/les-sentinelles-2\/\" data-type=\"page\" data-id=\"1814\">Les sentinelles<\/a><\/li>\n\n\n\n<li><a href=\"https:\/\/www.chorale-yadlavoix-landivisiau.fr\/wordpress\/le-sel-de-ta-vie\/\" data-type=\"page\" data-id=\"1825\">Le sel de ta vie<\/a><\/li>\n\n\n\n<li><a href=\"https:\/\/www.chorale-yadlavoix-landivisiau.fr\/wordpress\/le-trou-dans-la-porte\/\" data-type=\"page\" data-id=\"1829\">Le trou dans la porte<\/a><\/li>\n\n\n\n<li><a href=\"https:\/\/www.chorale-yadlavoix-landivisiau.fr\/wordpress\/ya-dla-voix\/\" data-type=\"page\" data-id=\"1841\">Y&rsquo;a d&rsquo;la voix<\/a><\/li>\n\n\n\n<li><a href=\"https:\/\/www.chorale-yadlavoix-landivisiau.fr\/wordpress\/la-ou-je-temmenerai\/\" data-type=\"page\" data-id=\"1917\">L\u00e0 o\u00f9 je t&#8217;emm\u00e8nerai<\/a><\/li>\n\n\n\n<li><a href=\"https:\/\/www.chorale-yadlavoix-landivisiau.fr\/wordpress\/with-or-without-you\/\" data-type=\"page\" data-id=\"1953\">With or without you<\/a><\/li>\n\n\n\n<li><a href=\"https:\/\/www.chorale-yadlavoix-landivisiau.fr\/wordpress\/et-bam\/\" data-type=\"page\" data-id=\"1957\">Et bam<\/a><\/li>\n\n\n\n<li><a href=\"https:\/\/www.chorale-yadlavoix-landivisiau.fr\/wordpress\/karabaki\/\" data-type=\"page\" data-id=\"1972\">Karabaki<\/a><\/li>\n<\/ul>\n\n\n\n<p><\/p>\n","protected":false},"excerpt":{"rendered":"","protected":false},"author":1,"featured_media":0,"parent":0,"menu_order":0,"comment_status":"closed","ping_status":"closed","template":"","meta":{"h5ap_radio_sources":[],"footnotes":""},"class_list":["post-141","page","type-page","status-publish","hentry"],"_links":{"self":[{"href":"https:\/\/www.chorale-yadlavoix-landivisiau.fr\/wordpress\/wp-json\/wp\/v2\/pages\/141","targetHints":{"allow":["GET"]}}],"collection":[{"href":"https:\/\/www.chorale-yadlavoix-landivisiau.fr\/wordpress\/wp-json\/wp\/v2\/pages"}],"about":[{"href":"https:\/\/www.chorale-yadlavoix-landivisiau.fr\/wordpress\/wp-json\/wp\/v2\/types\/page"}],"author":[{"embeddable":true,"href":"https:\/\/www.chorale-yadlavoix-landivisiau.fr\/wordpress\/wp-json\/wp\/v2\/users\/1"}],"replies":[{"embeddable":true,"href":"https:\/\/www.chorale-yadlavoix-landivisiau.fr\/wordpress\/wp-json\/wp\/v2\/comments?post=141"}],"version-history":[{"count":32,"href":"https:\/\/www.chorale-yadlavoix-landivisiau.fr\/wordpress\/wp-json\/wp\/v2\/pages\/141\/revisions"}],"predecessor-version":[{"id":1977,"href":"https:\/\/www.chorale-yadlavoix-landivisiau.fr\/wordpress\/wp-json\/wp\/v2\/pages\/141\/revisions\/1977"}],"wp:attachment":[{"href":"https:\/\/www.chorale-yadlavoix-landivisiau.fr\/wordpress\/wp-json\/wp\/v2\/media?parent=141"}],"curies":[{"name":"wp","href":"https:\/\/api.w.org\/{rel}","templated":true}]}}